{"id":1436,"date":"2022-10-17T09:08:58","date_gmt":"2022-10-17T07:08:58","guid":{"rendered":"https:\/\/www.dolomiti-360.com\/il-progetto-dolomiti-a-360-gradi\/"},"modified":"2023-06-20T12:36:57","modified_gmt":"2023-06-20T10:36:57","slug":"il-progetto-dolomiti-a-360-gradi","status":"publish","type":"page","link":"https:\/\/www.dolomiti-360.com\/en\/il-progetto-dolomiti-a-360-gradi\/","title":{"rendered":"Il progetto \u201cDolomiti a 360 gradi\u201d"},"content":{"rendered":"\t\t<div data-elementor-type=\"wp-page\" data-elementor-id=\"1436\" class=\"elementor elementor-1436 elementor-1408\" data-elementor-post-type=\"page\">\n\t\t\t\t\t\t<section class=\"elementor-section elementor-top-section elementor-element elementor-element-43a415e9 elementor-section-content-middle elementor-section-boxed elementor-section-height-default elementor-section-height-default\" data-id=\"43a415e9\" data-element_type=\"section\" data-e-type=\"section\" data-settings=\"{&quot;jet_parallax_layout_list&quot;:[{&quot;_id&quot;:&quot;a638b80&quot;,&quot;jet_parallax_layout_image&quot;:{&quot;url&quot;:&quot;&quot;,&quot;id&quot;:&quot;&quot;,&quot;size&quot;:&quot;&quot;},&quot;jet_parallax_layout_image_tablet&quot;:{&quot;url&quot;:&quot;&quot;,&quot;id&quot;:&quot;&quot;,&quot;size&quot;:&quot;&quot;},&quot;jet_parallax_layout_image_mobile&quot;:{&quot;url&quot;:&quot;&quot;,&quot;id&quot;:&quot;&quot;,&quot;size&quot;:&quot;&quot;},&quot;jet_parallax_layout_speed&quot;:{&quot;unit&quot;:&quot;%&quot;,&quot;size&quot;:50,&quot;sizes&quot;:[]},&quot;jet_parallax_layout_type&quot;:&quot;scroll&quot;,&quot;jet_parallax_layout_direction&quot;:&quot;1&quot;,&quot;jet_parallax_layout_fx_direction&quot;:null,&quot;jet_parallax_layout_z_index&quot;:&quot;&quot;,&quot;jet_parallax_layout_bg_x&quot;:50,&quot;jet_parallax_layout_bg_x_tablet&quot;:&quot;&quot;,&quot;jet_parallax_layout_bg_x_mobile&quot;:&quot;&quot;,&quot;jet_parallax_layout_bg_y&quot;:50,&quot;jet_parallax_layout_bg_y_tablet&quot;:&quot;&quot;,&quot;jet_parallax_layout_bg_y_mobile&quot;:&quot;&quot;,&quot;jet_parallax_layout_bg_size&quot;:&quot;auto&quot;,&quot;jet_parallax_layout_bg_size_tablet&quot;:&quot;&quot;,&quot;jet_parallax_layout_bg_size_mobile&quot;:&quot;&quot;,&quot;jet_parallax_layout_animation_prop&quot;:&quot;transform&quot;,&quot;jet_parallax_layout_on&quot;:[&quot;desktop&quot;,&quot;tablet&quot;]}]}\">\n\t\t\t\t\t\t<div class=\"elementor-container elementor-column-gap-no\">\n\t\t\t\t\t<div class=\"elementor-column elementor-col-100 elementor-top-column elementor-element elementor-element-7b90e7ae\" data-id=\"7b90e7ae\" data-element_type=\"column\" data-e-type=\"column\">\n\t\t\t<div class=\"elementor-widget-wrap elementor-element-populated\">\n\t\t\t\t\t\t<section class=\"elementor-section elementor-inner-section elementor-element elementor-element-fc90ace elementor-section-boxed elementor-section-height-default elementor-section-height-default\" data-id=\"fc90ace\" data-element_type=\"section\" data-e-type=\"section\" data-settings=\"{&quot;jet_parallax_layout_list&quot;:[]}\">\n\t\t\t\t\t\t<div class=\"elementor-container elementor-column-gap-default\">\n\t\t\t\t\t<div class=\"elementor-column elementor-col-50 elementor-inner-column elementor-element elementor-element-32f359d\" data-id=\"32f359d\" data-element_type=\"column\" data-e-type=\"column\">\n\t\t\t<div class=\"elementor-widget-wrap elementor-element-populated\">\n\t\t\t\t\t\t<div class=\"elementor-element elementor-element-6e72d7c elementor-widget elementor-widget-image\" data-id=\"6e72d7c\" data-element_type=\"widget\" data-e-type=\"widget\" data-widget_type=\"image.default\">\n\t\t\t\t<div class=\"elementor-widget-container\">\n\t\t\t\t\t\t\t\t\t\t\t\t\t\t\t\t<a href=\"https:\/\/www.veneto.eu\" target=\"_blank\">\n\t\t\t\t\t\t\t<img fetchpriority=\"high\" decoding=\"async\" width=\"7087\" height=\"2954\" src=\"https:\/\/www.dolomiti-360.com\/wp-content\/uploads\/2022\/09\/07-MARCHIO-Nazionale-registrato-txt-nero.png\" class=\"attachment-full size-full wp-image-1118\" alt=\"\" srcset=\"https:\/\/www.dolomiti-360.com\/wp-content\/uploads\/2022\/09\/07-MARCHIO-Nazionale-registrato-txt-nero.png 7087w, https:\/\/www.dolomiti-360.com\/wp-content\/uploads\/2022\/09\/07-MARCHIO-Nazionale-registrato-txt-nero-300x125.png 300w, https:\/\/www.dolomiti-360.com\/wp-content\/uploads\/2022\/09\/07-MARCHIO-Nazionale-registrato-txt-nero-1024x427.png 1024w, https:\/\/www.dolomiti-360.com\/wp-content\/uploads\/2022\/09\/07-MARCHIO-Nazionale-registrato-txt-nero-768x320.png 768w, https:\/\/www.dolomiti-360.com\/wp-content\/uploads\/2022\/09\/07-MARCHIO-Nazionale-registrato-txt-nero-1536x640.png 1536w, https:\/\/www.dolomiti-360.com\/wp-content\/uploads\/2022\/09\/07-MARCHIO-Nazionale-registrato-txt-nero-2048x854.png 2048w\" sizes=\"(max-width: 7087px) 100vw, 7087px\" \/>\t\t\t\t\t\t\t\t<\/a>\n\t\t\t\t\t\t\t\t\t\t\t\t\t\t\t<\/div>\n\t\t\t\t<\/div>\n\t\t\t\t\t<\/div>\n\t\t<\/div>\n\t\t\t\t<div class=\"elementor-column elementor-col-50 elementor-inner-column elementor-element elementor-element-1e48385\" data-id=\"1e48385\" data-element_type=\"column\" data-e-type=\"column\">\n\t\t\t<div class=\"elementor-widget-wrap elementor-element-populated\">\n\t\t\t\t\t\t<div class=\"elementor-element elementor-element-c61436c elementor-widget__width-initial elementor-widget elementor-widget-image\" data-id=\"c61436c\" data-element_type=\"widget\" data-e-type=\"widget\" data-widget_type=\"image.default\">\n\t\t\t\t<div class=\"elementor-widget-container\">\n\t\t\t\t\t\t\t\t\t\t\t\t\t\t\t<img decoding=\"async\" width=\"300\" height=\"245\" src=\"https:\/\/www.dolomiti-360.com\/wp-content\/uploads\/2022\/10\/logo-pro-fesr-regione-veneto-300x245-1.png\" class=\"attachment-full size-full wp-image-1421\" alt=\"\" \/>\t\t\t\t\t\t\t\t\t\t\t\t\t\t\t<\/div>\n\t\t\t\t<\/div>\n\t\t\t\t<div class=\"elementor-element elementor-element-0322bff elementor-widget__width-initial elementor-widget elementor-widget-image\" data-id=\"0322bff\" data-element_type=\"widget\" data-e-type=\"widget\" data-widget_type=\"image.default\">\n\t\t\t\t<div class=\"elementor-widget-container\">\n\t\t\t\t\t\t\t\t\t\t\t\t\t\t\t<img decoding=\"async\" width=\"1024\" height=\"344\" src=\"https:\/\/www.dolomiti-360.com\/wp-content\/uploads\/2023\/06\/POR-FESR_03_Claim-Asse-3-1024x344.png\" class=\"attachment-large size-large wp-image-2085\" alt=\"\" srcset=\"https:\/\/www.dolomiti-360.com\/wp-content\/uploads\/2023\/06\/POR-FESR_03_Claim-Asse-3-1024x344.png 1024w, https:\/\/www.dolomiti-360.com\/wp-content\/uploads\/2023\/06\/POR-FESR_03_Claim-Asse-3-300x101.png 300w, https:\/\/www.dolomiti-360.com\/wp-content\/uploads\/2023\/06\/POR-FESR_03_Claim-Asse-3-768x258.png 768w, https:\/\/www.dolomiti-360.com\/wp-content\/uploads\/2023\/06\/POR-FESR_03_Claim-Asse-3-1536x516.png 1536w, https:\/\/www.dolomiti-360.com\/wp-content\/uploads\/2023\/06\/POR-FESR_03_Claim-Asse-3.png 1555w\" sizes=\"(max-width: 1024px) 100vw, 1024px\" \/>\t\t\t\t\t\t\t\t\t\t\t\t\t\t\t<\/div>\n\t\t\t\t<\/div>\n\t\t\t\t\t<\/div>\n\t\t<\/div>\n\t\t\t\t\t<\/div>\n\t\t<\/section>\n\t\t\t\t<div class=\"elementor-element elementor-element-2892052 elementor-widget elementor-widget-text-editor\" data-id=\"2892052\" data-element_type=\"widget\" data-e-type=\"widget\" data-widget_type=\"text-editor.default\">\n\t\t\t\t<div class=\"elementor-widget-container\">\n\t\t\t\t\t\t\t\t\t<p><strong>Titolo progetto:<\/strong><br>DOLOMITI A 360 GRADI<\/p>\n<p><strong>Dicitura:<\/strong><br>POR FESR 2014-2020, Asse 3. Azione 3.3.4 D \u2013 D.G.R. n. 1426\/2019. \u201cBando per l\u2019attivazione, sviluppo, consolidamento di aggregazioni di PMI per interventi che favoriscano l\u2019orientamento alla domanda turistica e ai mercati internazionali &#8211; Promozione\u201d.<\/p>\n<p><strong>Descrizione:<\/strong><br>Il progetto \u201cDolomiti a 360 gradi\u201d nasce dalla volont\u00e0 dei tre Consorzi Turistici, Consorzio Turistico Dolomiti Prealpi, Consorzio Val di Zoldo Turismo e Consorzio Tre Cime Dolomiti, di valorizzare e promuovere, a livello internazionale, i prodotti di destinazione realizzati dai Club di prodotto\/Reti-contratto \u201cValbelluna Green Net\u201d e \u201cTre Cime Active\u201d rispettivamente in Valbelluna, nell\u2019area di interesse del Parco Nazionale Dolomiti Bellunesi (che include anche la Val di Zoldo), e nell\u2019area di Auronzo e Misurina. L\u2019aggregazione \u00e8 costituita in forma di ATS dal Consorzio Turistico Dolomiti Prealpi (capofila), Consorzio Val di Zoldo Turismo, Consorzio Tre Cime Dolomiti, e 12 PMI aderenti, De Marchi Silvio (Bed&amp;Book Casa Novecento), La Birreria S.r.l. (Birreria Pedavena), Mastel Aline (Albergo Al Tajol), Turra snc (Camping Gajole), Magagnin Alessandra (Rifugio Pranolz), Gusela Travel srls, Limana Nicola (in rappresentanza pi\u00f9 in generale di Dimore Dolomiti), Auronzo d\u2019Inverno srl, Albergo Ajarnola, Albergo Centrale di Da Rin Pister Emma &amp; C. s.n.c. (Hotel Centrale), La Nuova Montanina sas (Hotel La Nuova Montanina) e 3 C di Letizia Frigo Sampogna. Basso e alto bellunese diventano cos\u00ec un\u2019unica destinazione per il turista straniero per 12 mesi l\u2019anno: il Progetto si sviluppa nell\u2019ambito del STT Dolomiti, nel territorio di competenza di un\u2019unica OGD (DMO Dolomiti). L\u2019area interessata dal progetto rappresenta, nella stagione estiva, una meta di riferimento per il turismo straniero proveniente da diversi Paesi europei (in particolare Germania, Austria, Slovenia, Francia, Paesi Bassi, Polonia, Rep. Ceca, Regno Unito e Spagna)ed ha potuto intercettare nuovi flussi turistici grazie alle attivit\u00e0 di progetto che hanno valorizzato quelle caratteristiche del territorio caratteristiche quali: bassa densit\u00e0 turistica, servizi personalizzati, attenzione al cliente, adeguamento a nuovi criteri di sicurezza e distanza, salubrit\u00e0 dell\u2019aria, forte vocazione al turismo outdoor individuale o per piccoli gruppi.&nbsp;<\/p>\n<p><span style=\"font-weight: 400;\">L\u2019aggregazione con il presente progetto ha messo a sistema le risorse coinvolte nello sviluppo turistico territoriale locale, valorizzando a livello internazionale un\u2019offerta coordinata e variegata che consente di apprezzare prodotti turistici esperienziali disponibili nelle varie stagioni dell\u2019anno, nell\u2019ottica dell\u2019affermazione dell\u2019area delle Dolomiti bellunesi quale eco-destinazione organizzata e competitiva per una vacanza green e attiva, attenta alla sostenibilit\u00e0 tanto ambientale quanto sociale, e rinforzando la sua visibilit\u00e0 verso i mercati esteri sotto descritti, come destinazione rinnovata ed inedita in relazione ai prodotti pensati per un turismo non prettamente invernale ma anche estivo e destagionalizzato. Infatti si \u00e8 tradotta in pratica una strategia unitaria di promozione in grado al contempo di incrementare la competitivit\u00e0 delle PMI aderenti e di valorizzare le risorse naturali e culturali esistenti nell\u2019area di competenza della DMO Dolomiti, migliorando anche la governance turistica e il grado di internazionalizzazione della destinazione.<\/span><\/p><p>Il bando per l\u2019attivazione, sviluppo, consolidamento di aggregazioni di PMI per interventi che favoriscano l\u2019orientamento alla domanda turistica e ai mercati internazionali finanziato nell\u2019ambito del POR FESR 2014-2020 \u2013 Azione 3.3.4, Sub-Azione D (DGR N. 1426 del 01\/10\/2019) ha premiato l\u2019ATS stanziando un contributo a fondo perduto pari ad \u20ac 124.599,13 a fronte di un totale di investimenti previsti di \u20ac 249.198,26.<span style=\"font-weight: 400;\"><br><\/span><\/p>\t\t\t\t\t\t\t\t<\/div>\n\t\t\t\t<\/div>\n\t\t\t\t\t<\/div>\n\t\t<\/div>\n\t\t\t\t\t<\/div>\n\t\t<\/section>\n\t\t\t\t<\/div>\n\t\t","protected":false},"excerpt":{"rendered":"<p>Titolo progetto:DOLOMITI A 360 GRADI Dicitura:POR FESR 2014-2020, Asse 3. Azione 3.3.4 D \u2013 D.G.R. n. 1426\/2019. \u201cBando per l\u2019attivazione, sviluppo, consolidamento di aggregazioni di PMI per interventi che favoriscano l\u2019orientamento alla domanda turistica e ai mercati internazionali &#8211; Promozione\u201d. Descrizione:Il progetto \u201cDolomiti a 360 gradi\u201d nasce dalla volont\u00e0 dei tre Consorzi Turistici, Consorzio Turistico [&hellip;]<\/p>\n","protected":false},"author":1,"featured_media":0,"parent":0,"menu_order":0,"comment_status":"closed","ping_status":"closed","template":"","meta":{"inline_featured_image":false,"site-sidebar-layout":"no-sidebar","site-content-layout":"page-builder","ast-site-content-layout":"default","site-content-style":"default","site-sidebar-style":"default","ast-global-header-display":"","ast-banner-title-visibility":"","ast-main-header-display":"","ast-hfb-above-header-display":"","ast-hfb-below-header-display":"","ast-hfb-mobile-header-display":"","site-post-title":"disabled","ast-breadcrumbs-content":"","ast-featured-img":"disabled","footer-sml-layout":"","ast-disable-related-posts":"","theme-transparent-header-meta":"","adv-header-id-meta":"","stick-header-meta":"","header-above-stick-meta":"","header-main-stick-meta":"","header-below-stick-meta":"","astra-migrate-meta-layouts":"default","ast-page-background-enabled":"default","ast-page-background-meta":{"desktop":{"background-color":"var(--ast-global-color-4)","background-image":"","background-repeat":"repeat","background-position":"center center","background-size":"auto","background-attachment":"scroll","background-type":"","background-media":"","overlay-type":"","overlay-color":"","overlay-opacity":"","overlay-gradient":""},"tablet":{"background-color":"","background-image":"","background-repeat":"repeat","background-position":"center center","background-size":"auto","background-attachment":"scroll","background-type":"","background-media":"","overlay-type":"","overlay-color":"","overlay-opacity":"","overlay-gradient":""},"mobile":{"background-color":"","background-image":"","background-repeat":"repeat","background-position":"center center","background-size":"auto","background-attachment":"scroll","background-type":"","background-media":"","overlay-type":"","overlay-color":"","overlay-opacity":"","overlay-gradient":""}},"ast-content-background-meta":{"desktop":{"background-color":"var(--ast-global-color-5)","background-image":"","background-repeat":"repeat","background-position":"center center","background-size":"auto","background-attachment":"scroll","background-type":"","background-media":"","overlay-type":"","overlay-color":"","overlay-opacity":"","overlay-gradient":""},"tablet":{"background-color":"var(--ast-global-color-5)","background-image":"","background-repeat":"repeat","background-position":"center center","background-size":"auto","background-attachment":"scroll","background-type":"","background-media":"","overlay-type":"","overlay-color":"","overlay-opacity":"","overlay-gradient":""},"mobile":{"background-color":"var(--ast-global-color-5)","background-image":"","background-repeat":"repeat","background-position":"center center","background-size":"auto","background-attachment":"scroll","background-type":"","background-media":"","overlay-type":"","overlay-color":"","overlay-opacity":"","overlay-gradient":""}},"footnotes":""},"class_list":["post-1436","page","type-page","status-publish","hentry"],"yoast_head":"<!-- This site is optimized with the Yoast SEO plugin v27.3 - https:\/\/yoast.com\/product\/yoast-seo-wordpress\/ -->\n<title>Il progetto \u201cDolomiti a 360 gradi\u201d - Dolomiti 360<\/title>\n<meta name=\"robots\" content=\"index, follow, max-snippet:-1, max-image-preview:large, max-video-preview:-1\" \/>\n<link rel=\"canonical\" href=\"https:\/\/www.dolomiti-360.com\/en\/il-progetto-dolomiti-a-360-gradi\/\" \/>\n<meta property=\"og:locale\" content=\"en_US\" \/>\n<meta property=\"og:type\" content=\"article\" \/>\n<meta property=\"og:title\" content=\"Il progetto \u201cDolomiti a 360 gradi\u201d - Dolomiti 360\" \/>\n<meta property=\"og:description\" content=\"Titolo progetto:DOLOMITI A 360 GRADI Dicitura:POR FESR 2014-2020, Asse 3. Azione 3.3.4 D \u2013 D.G.R. n. 1426\/2019. \u201cBando per l\u2019attivazione, sviluppo, consolidamento di aggregazioni di PMI per interventi che favoriscano l\u2019orientamento alla domanda turistica e ai mercati internazionali &#8211; Promozione\u201d. Descrizione:Il progetto \u201cDolomiti a 360 gradi\u201d nasce dalla volont\u00e0 dei tre Consorzi Turistici, Consorzio Turistico [&hellip;]\" \/>\n<meta property=\"og:url\" content=\"https:\/\/www.dolomiti-360.com\/en\/il-progetto-dolomiti-a-360-gradi\/\" \/>\n<meta property=\"og:site_name\" content=\"Dolomiti 360\" \/>\n<meta property=\"article:modified_time\" content=\"2023-06-20T10:36:57+00:00\" \/>\n<meta property=\"og:image\" content=\"https:\/\/www.dolomiti-360.com\/wp-content\/uploads\/2022\/09\/07-MARCHIO-Nazionale-registrato-txt-nero.png\" \/>\n<meta name=\"twitter:card\" content=\"summary_large_image\" \/>\n<meta name=\"twitter:label1\" content=\"Est. reading time\" \/>\n\t<meta name=\"twitter:data1\" content=\"4 minutes\" \/>\n<script type=\"application\/ld+json\" class=\"yoast-schema-graph\">{\"@context\":\"https:\\\/\\\/schema.org\",\"@graph\":[{\"@type\":\"WebPage\",\"@id\":\"https:\\\/\\\/www.dolomiti-360.com\\\/en\\\/il-progetto-dolomiti-a-360-gradi\\\/\",\"url\":\"https:\\\/\\\/www.dolomiti-360.com\\\/en\\\/il-progetto-dolomiti-a-360-gradi\\\/\",\"name\":\"Il progetto \u201cDolomiti a 360 gradi\u201d - Dolomiti 360\",\"isPartOf\":{\"@id\":\"https:\\\/\\\/www.dolomiti-360.com\\\/#website\"},\"primaryImageOfPage\":{\"@id\":\"https:\\\/\\\/www.dolomiti-360.com\\\/en\\\/il-progetto-dolomiti-a-360-gradi\\\/#primaryimage\"},\"image\":{\"@id\":\"https:\\\/\\\/www.dolomiti-360.com\\\/en\\\/il-progetto-dolomiti-a-360-gradi\\\/#primaryimage\"},\"thumbnailUrl\":\"https:\\\/\\\/www.dolomiti-360.com\\\/wp-content\\\/uploads\\\/2022\\\/09\\\/07-MARCHIO-Nazionale-registrato-txt-nero.png\",\"datePublished\":\"2022-10-17T07:08:58+00:00\",\"dateModified\":\"2023-06-20T10:36:57+00:00\",\"breadcrumb\":{\"@id\":\"https:\\\/\\\/www.dolomiti-360.com\\\/en\\\/il-progetto-dolomiti-a-360-gradi\\\/#breadcrumb\"},\"inLanguage\":\"en-US\",\"potentialAction\":[{\"@type\":\"ReadAction\",\"target\":[\"https:\\\/\\\/www.dolomiti-360.com\\\/en\\\/il-progetto-dolomiti-a-360-gradi\\\/\"]}]},{\"@type\":\"ImageObject\",\"inLanguage\":\"en-US\",\"@id\":\"https:\\\/\\\/www.dolomiti-360.com\\\/en\\\/il-progetto-dolomiti-a-360-gradi\\\/#primaryimage\",\"url\":\"https:\\\/\\\/www.dolomiti-360.com\\\/wp-content\\\/uploads\\\/2022\\\/09\\\/07-MARCHIO-Nazionale-registrato-txt-nero.png\",\"contentUrl\":\"https:\\\/\\\/www.dolomiti-360.com\\\/wp-content\\\/uploads\\\/2022\\\/09\\\/07-MARCHIO-Nazionale-registrato-txt-nero.png\"},{\"@type\":\"BreadcrumbList\",\"@id\":\"https:\\\/\\\/www.dolomiti-360.com\\\/en\\\/il-progetto-dolomiti-a-360-gradi\\\/#breadcrumb\",\"itemListElement\":[{\"@type\":\"ListItem\",\"position\":1,\"name\":\"Home\",\"item\":\"https:\\\/\\\/www.dolomiti-360.com\\\/en\\\/\"},{\"@type\":\"ListItem\",\"position\":2,\"name\":\"Il progetto \u201cDolomiti a 360 gradi\u201d\"}]},{\"@type\":\"WebSite\",\"@id\":\"https:\\\/\\\/www.dolomiti-360.com\\\/#website\",\"url\":\"https:\\\/\\\/www.dolomiti-360.com\\\/\",\"name\":\"Dolomiti 360\",\"description\":\"\",\"publisher\":{\"@id\":\"https:\\\/\\\/www.dolomiti-360.com\\\/#organization\"},\"potentialAction\":[{\"@type\":\"SearchAction\",\"target\":{\"@type\":\"EntryPoint\",\"urlTemplate\":\"https:\\\/\\\/www.dolomiti-360.com\\\/?s={search_term_string}\"},\"query-input\":{\"@type\":\"PropertyValueSpecification\",\"valueRequired\":true,\"valueName\":\"search_term_string\"}}],\"inLanguage\":\"en-US\"},{\"@type\":\"Organization\",\"@id\":\"https:\\\/\\\/www.dolomiti-360.com\\\/#organization\",\"name\":\"Dolomiti 360\",\"url\":\"https:\\\/\\\/www.dolomiti-360.com\\\/\",\"logo\":{\"@type\":\"ImageObject\",\"inLanguage\":\"en-US\",\"@id\":\"https:\\\/\\\/www.dolomiti-360.com\\\/#\\\/schema\\\/logo\\\/image\\\/\",\"url\":\"https:\\\/\\\/www.dolomiti-360.com\\\/wp-content\\\/uploads\\\/2022\\\/01\\\/DOLOMITI_colore.svg\",\"contentUrl\":\"https:\\\/\\\/www.dolomiti-360.com\\\/wp-content\\\/uploads\\\/2022\\\/01\\\/DOLOMITI_colore.svg\",\"width\":385.999,\"height\":57.236,\"caption\":\"Dolomiti 360\"},\"image\":{\"@id\":\"https:\\\/\\\/www.dolomiti-360.com\\\/#\\\/schema\\\/logo\\\/image\\\/\"}}]}<\/script>\n<!-- \/ Yoast SEO plugin. -->","yoast_head_json":{"title":"Il progetto \u201cDolomiti a 360 gradi\u201d - Dolomiti 360","robots":{"index":"index","follow":"follow","max-snippet":"max-snippet:-1","max-image-preview":"max-image-preview:large","max-video-preview":"max-video-preview:-1"},"canonical":"https:\/\/www.dolomiti-360.com\/en\/il-progetto-dolomiti-a-360-gradi\/","og_locale":"en_US","og_type":"article","og_title":"Il progetto \u201cDolomiti a 360 gradi\u201d - Dolomiti 360","og_description":"Titolo progetto:DOLOMITI A 360 GRADI Dicitura:POR FESR 2014-2020, Asse 3. Azione 3.3.4 D \u2013 D.G.R. n. 1426\/2019. \u201cBando per l\u2019attivazione, sviluppo, consolidamento di aggregazioni di PMI per interventi che favoriscano l\u2019orientamento alla domanda turistica e ai mercati internazionali &#8211; Promozione\u201d. Descrizione:Il progetto \u201cDolomiti a 360 gradi\u201d nasce dalla volont\u00e0 dei tre Consorzi Turistici, Consorzio Turistico [&hellip;]","og_url":"https:\/\/www.dolomiti-360.com\/en\/il-progetto-dolomiti-a-360-gradi\/","og_site_name":"Dolomiti 360","article_modified_time":"2023-06-20T10:36:57+00:00","og_image":[{"url":"https:\/\/www.dolomiti-360.com\/wp-content\/uploads\/2022\/09\/07-MARCHIO-Nazionale-registrato-txt-nero.png","type":"","width":"","height":""}],"twitter_card":"summary_large_image","twitter_misc":{"Est. reading time":"4 minutes"},"schema":{"@context":"https:\/\/schema.org","@graph":[{"@type":"WebPage","@id":"https:\/\/www.dolomiti-360.com\/en\/il-progetto-dolomiti-a-360-gradi\/","url":"https:\/\/www.dolomiti-360.com\/en\/il-progetto-dolomiti-a-360-gradi\/","name":"Il progetto \u201cDolomiti a 360 gradi\u201d - Dolomiti 360","isPartOf":{"@id":"https:\/\/www.dolomiti-360.com\/#website"},"primaryImageOfPage":{"@id":"https:\/\/www.dolomiti-360.com\/en\/il-progetto-dolomiti-a-360-gradi\/#primaryimage"},"image":{"@id":"https:\/\/www.dolomiti-360.com\/en\/il-progetto-dolomiti-a-360-gradi\/#primaryimage"},"thumbnailUrl":"https:\/\/www.dolomiti-360.com\/wp-content\/uploads\/2022\/09\/07-MARCHIO-Nazionale-registrato-txt-nero.png","datePublished":"2022-10-17T07:08:58+00:00","dateModified":"2023-06-20T10:36:57+00:00","breadcrumb":{"@id":"https:\/\/www.dolomiti-360.com\/en\/il-progetto-dolomiti-a-360-gradi\/#breadcrumb"},"inLanguage":"en-US","potentialAction":[{"@type":"ReadAction","target":["https:\/\/www.dolomiti-360.com\/en\/il-progetto-dolomiti-a-360-gradi\/"]}]},{"@type":"ImageObject","inLanguage":"en-US","@id":"https:\/\/www.dolomiti-360.com\/en\/il-progetto-dolomiti-a-360-gradi\/#primaryimage","url":"https:\/\/www.dolomiti-360.com\/wp-content\/uploads\/2022\/09\/07-MARCHIO-Nazionale-registrato-txt-nero.png","contentUrl":"https:\/\/www.dolomiti-360.com\/wp-content\/uploads\/2022\/09\/07-MARCHIO-Nazionale-registrato-txt-nero.png"},{"@type":"BreadcrumbList","@id":"https:\/\/www.dolomiti-360.com\/en\/il-progetto-dolomiti-a-360-gradi\/#breadcrumb","itemListElement":[{"@type":"ListItem","position":1,"name":"Home","item":"https:\/\/www.dolomiti-360.com\/en\/"},{"@type":"ListItem","position":2,"name":"Il progetto \u201cDolomiti a 360 gradi\u201d"}]},{"@type":"WebSite","@id":"https:\/\/www.dolomiti-360.com\/#website","url":"https:\/\/www.dolomiti-360.com\/","name":"Dolomiti 360","description":"","publisher":{"@id":"https:\/\/www.dolomiti-360.com\/#organization"},"potentialAction":[{"@type":"SearchAction","target":{"@type":"EntryPoint","urlTemplate":"https:\/\/www.dolomiti-360.com\/?s={search_term_string}"},"query-input":{"@type":"PropertyValueSpecification","valueRequired":true,"valueName":"search_term_string"}}],"inLanguage":"en-US"},{"@type":"Organization","@id":"https:\/\/www.dolomiti-360.com\/#organization","name":"Dolomiti 360","url":"https:\/\/www.dolomiti-360.com\/","logo":{"@type":"ImageObject","inLanguage":"en-US","@id":"https:\/\/www.dolomiti-360.com\/#\/schema\/logo\/image\/","url":"https:\/\/www.dolomiti-360.com\/wp-content\/uploads\/2022\/01\/DOLOMITI_colore.svg","contentUrl":"https:\/\/www.dolomiti-360.com\/wp-content\/uploads\/2022\/01\/DOLOMITI_colore.svg","width":385.999,"height":57.236,"caption":"Dolomiti 360"},"image":{"@id":"https:\/\/www.dolomiti-360.com\/#\/schema\/logo\/image\/"}}]}},"_links":{"self":[{"href":"https:\/\/www.dolomiti-360.com\/en\/wp-json\/wp\/v2\/pages\/1436","targetHints":{"allow":["GET"]}}],"collection":[{"href":"https:\/\/www.dolomiti-360.com\/en\/wp-json\/wp\/v2\/pages"}],"about":[{"href":"https:\/\/www.dolomiti-360.com\/en\/wp-json\/wp\/v2\/types\/page"}],"author":[{"embeddable":true,"href":"https:\/\/www.dolomiti-360.com\/en\/wp-json\/wp\/v2\/users\/1"}],"replies":[{"embeddable":true,"href":"https:\/\/www.dolomiti-360.com\/en\/wp-json\/wp\/v2\/comments?post=1436"}],"version-history":[{"count":13,"href":"https:\/\/www.dolomiti-360.com\/en\/wp-json\/wp\/v2\/pages\/1436\/revisions"}],"predecessor-version":[{"id":2122,"href":"https:\/\/www.dolomiti-360.com\/en\/wp-json\/wp\/v2\/pages\/1436\/revisions\/2122"}],"wp:attachment":[{"href":"https:\/\/www.dolomiti-360.com\/en\/wp-json\/wp\/v2\/media?parent=1436"}],"curies":[{"name":"wp","href":"https:\/\/api.w.org\/{rel}","templated":true}]}}